{"id":51,"date":"2016-11-23T19:49:10","date_gmt":"2016-11-23T19:49:10","guid":{"rendered":"http:\/\/www2.memri.org\/polaco\/?page_id=51"},"modified":"2017-09-30T00:13:37","modified_gmt":"2017-09-29T22:13:37","slug":"o-nas","status":"publish","type":"page","link":"https:\/\/www2.memri.org\/polish\/o-nas","title":{"rendered":"O Nas"},"content":{"rendered":"<div class=\"wpb-content-wrapper\"><div id=\"tdi_1\" class=\"tdc-row\"><div class=\"vc_row vc_custom_1479930736438 tdi_2  wpb_row td-pb-row\" >\n<style scoped>\n\/* custom css - generated by TagDiv Composer *\/\n\n\/* tdc_composer_block - inline css att *\/\n.vc_custom_1479930736438{margin-right: 0px !important;margin-left: 0px !important;border-right-width: 0px !important;border-left-width: 0px !important;padding-right: 0px !important;padding-left: 0px !important;background-image: url(https:\/\/www2.memri.org\/espanol\/wp-content\/uploads\/2016\/01\/red-pattern-small.jpg?id=17482) !important;}\n\/* custom css - generated by TagDiv Composer *\/\n.tdi_2,\r\n                .tdi_2 .tdc-columns{\r\n                    min-height: 0;\r\n                }.tdi_2,\r\n\t\t\t\t.tdi_2 .tdc-columns{\r\n\t\t\t\t    display: block;\r\n\t\t\t\t}.tdi_2 .tdc-columns{\r\n\t\t\t\t    width: 100%;\r\n\t\t\t\t}.tdi_2:before,\r\n\t\t\t\t.tdi_2:after{\r\n\t\t\t\t    display: table;\r\n\t\t\t\t}\n<\/style><div class=\"vc_column tdi_4  wpb_column vc_column_container tdc-column td-pb-span12\">\n<style scoped>\n\/* custom css - generated by TagDiv Composer *\/\n\n\/* custom css - generated by TagDiv Composer *\/\n.tdi_4{\r\n                    vertical-align: baseline;\r\n                }.tdi_4 > .wpb_wrapper,\r\n\t\t\t\t.tdi_4 > .wpb_wrapper > .tdc-elements{\r\n\t\t\t\t    display: block;\r\n\t\t\t\t}.tdi_4 > .wpb_wrapper > .tdc-elements{\r\n\t\t\t\t    width: 100%;\r\n\t\t\t\t}.tdi_4 > .wpb_wrapper > .vc_row_inner{\r\n\t\t\t\t    width: auto;\r\n\t\t\t\t}.tdi_4 > .wpb_wrapper{\r\n\t\t\t\t    width: auto;\r\n\t\t\t\t    height: auto;\r\n\t\t\t\t}\n<\/style><div class=\"wpb_wrapper\" ><div class=\"wpb_wrapper td_block_empty_space td_block_wrap vc_empty_space tdi_6 \"  style=\"height: 70px\"><\/div>[vc_custom_heading text=&#8221;O NAS&#8221; font_container=&#8221;tag:h1|font_size:43px|text_align:center|color:%23ffffff&#8221; google_fonts=&#8221;font_family:Oswald%3A300%2Cregular%2C700|font_style:400%20regular%3A400%3Anormal&#8221;]<div class=\"wpb_wrapper td_block_separator td_block_wrap vc_separator vc_custom_1453400316389 tdi_8  td_separator_solid td_separator_center\"><span style=\"border-color:custom;border-width:1px;width:10%;\"><\/span>\n<style scoped>\n\/* custom css - generated by TagDiv Composer *\/\n\n\/* tdc_composer_block - inline css att *\/\n.vc_custom_1453400316389{margin-top: 0px !important;margin-bottom: 0px !important;border-top-width: 0px !important;border-bottom-width: 0px !important;padding-top: 0px !important;padding-bottom: 0px !important;}\n\/* custom css - generated by TagDiv Composer *\/\n.td_block_separator{\r\n                  width: 100%;\r\n                  align-items: center;\r\n                  margin-bottom: 38px;\r\n                  padding-bottom: 10px;\r\n                }.td_block_separator span{\r\n                  position: relative;\r\n                  display: block;\r\n                  margin: 0 auto;\r\n                  width: 100%;\r\n                  height: 1px;\r\n                  border-top: 1px solid #EBEBEB;\r\n                }.td_separator_align_left span{\r\n                  margin-left: 0;\r\n                }.td_separator_align_right span{\r\n                  margin-right: 0;\r\n                }.td_separator_dashed span{\r\n                  border-top-style: dashed;\r\n                }.td_separator_dotted span{\r\n                  border-top-style: dotted;\r\n                }.td_separator_double span{\r\n                  height: 3px;\r\n                  border-bottom: 1px solid #EBEBEB;\r\n                }.td_separator_shadow > span{\r\n                  position: relative;\r\n                  height: 20px;\r\n                  overflow: hidden;\r\n                  border: 0;\r\n                  color: #EBEBEB;\r\n                }.td_separator_shadow > span > span{\r\n                  position: absolute;\r\n                  top: -30px;\r\n                  left: 0;\r\n                  right: 0;\r\n                  margin: 0 auto;\r\n                  height: 13px;\r\n                  width: 98%;\r\n                  border-radius: 100%;\r\n                }html :where([style*='border-width']){\r\n                    border-style: none;\r\n                }\n<\/style><\/div><div class=\"wpb_wrapper td_block_empty_space td_block_wrap vc_empty_space tdi_10 \"  style=\"height: 70px\"><\/div><\/div><\/div><\/div><\/div><div id=\"tdi_11\" class=\"tdc-row stretch_row\"><div class=\"vc_row tdi_12  wpb_row td-pb-row\" >\n<style scoped>\n\/* custom css - generated by TagDiv Composer *\/\n\n\/* custom css - generated by TagDiv Composer *\/\n.tdi_12,\r\n                .tdi_12 .tdc-columns{\r\n                    min-height: 0;\r\n                }.tdi_12,\r\n\t\t\t\t.tdi_12 .tdc-columns{\r\n\t\t\t\t    display: block;\r\n\t\t\t\t}.tdi_12 .tdc-columns{\r\n\t\t\t\t    width: 100%;\r\n\t\t\t\t}.tdi_12:before,\r\n\t\t\t\t.tdi_12:after{\r\n\t\t\t\t    display: table;\r\n\t\t\t\t}\n<\/style><div class=\"vc_column tdi_14  wpb_column vc_column_container tdc-column td-pb-span12\">\n<style scoped>\n\/* custom css - generated by TagDiv Composer *\/\n\n\/* custom css - generated by TagDiv Composer *\/\n.tdi_14{\r\n                    vertical-align: baseline;\r\n                }.tdi_14 > .wpb_wrapper,\r\n\t\t\t\t.tdi_14 > .wpb_wrapper > .tdc-elements{\r\n\t\t\t\t    display: block;\r\n\t\t\t\t}.tdi_14 > .wpb_wrapper > .tdc-elements{\r\n\t\t\t\t    width: 100%;\r\n\t\t\t\t}.tdi_14 > .wpb_wrapper > .vc_row_inner{\r\n\t\t\t\t    width: auto;\r\n\t\t\t\t}.tdi_14 > .wpb_wrapper{\r\n\t\t\t\t    width: auto;\r\n\t\t\t\t    height: auto;\r\n\t\t\t\t}\n<\/style><div class=\"wpb_wrapper\" ><div class=\"wpb_wrapper td_block_empty_space td_block_wrap vc_empty_space tdi_16 \"  style=\"height: 32px\"><\/div>[vc_custom_heading text=&#8221;Middle East Media Research Institute (MEMRI)&#8221; font_container=&#8221;tag:h2|text_align:left|color:%23545454&#8243; google_fonts=&#8221;font_family:Oswald%3A300%2Cregular%2C700|font_style:400%20regular%3A400%3Anormal&#8221;]<div class=\"wpb_wrapper td_block_separator td_block_wrap vc_separator vc_custom_1453336206814 tdi_18  td_separator_solid td_separator_align_left\"><span style=\"border-color:custom;border-width:1px;width:100%;\"><\/span>\n<style scoped>\n\/* custom css - generated by TagDiv Composer *\/\n\n\/* tdc_composer_block - inline css att *\/\n.vc_custom_1453336206814{margin-top: 0px !important;margin-bottom: 0px !important;border-top-width: 0px !important;border-bottom-width: 0px !important;padding-top: 0px !important;padding-bottom: 0px !important;}\n<\/style><\/div><div class=\"wpb_wrapper td_block_empty_space td_block_wrap vc_empty_space tdi_20 \"  style=\"height: 32px\"><\/div><\/div><\/div><\/div><\/div><div id=\"tdi_21\" class=\"tdc-row\"><div class=\"vc_row tdi_22  wpb_row td-pb-row\" >\n<style scoped>\n\/* custom css - generated by TagDiv Composer *\/\n\n\/* custom css - generated by TagDiv Composer *\/\n.tdi_22,\r\n                .tdi_22 .tdc-columns{\r\n                    min-height: 0;\r\n                }.tdi_22,\r\n\t\t\t\t.tdi_22 .tdc-columns{\r\n\t\t\t\t    display: block;\r\n\t\t\t\t}.tdi_22 .tdc-columns{\r\n\t\t\t\t    width: 100%;\r\n\t\t\t\t}.tdi_22:before,\r\n\t\t\t\t.tdi_22:after{\r\n\t\t\t\t    display: table;\r\n\t\t\t\t}\n<\/style><div class=\"vc_column tdi_24  wpb_column vc_column_container tdc-column td-pb-span12\">\n<style scoped>\n\/* custom css - generated by TagDiv Composer *\/\n\n\/* custom css - generated by TagDiv Composer *\/\n.tdi_24{\r\n                    vertical-align: baseline;\r\n                }.tdi_24 > .wpb_wrapper,\r\n\t\t\t\t.tdi_24 > .wpb_wrapper > .tdc-elements{\r\n\t\t\t\t    display: block;\r\n\t\t\t\t}.tdi_24 > .wpb_wrapper > .tdc-elements{\r\n\t\t\t\t    width: 100%;\r\n\t\t\t\t}.tdi_24 > .wpb_wrapper > .vc_row_inner{\r\n\t\t\t\t    width: auto;\r\n\t\t\t\t}.tdi_24 > .wpb_wrapper{\r\n\t\t\t\t    width: auto;\r\n\t\t\t\t    height: auto;\r\n\t\t\t\t}\n<\/style><div class=\"wpb_wrapper\" >[vc_column_text]Middle East Media Research Institute (MEMRI) bada Bliski Wsch\u00f3d poprzez media tego region. MEMRI zamyka przepa\u015b\u0107 j\u0119zykow\u0105, jaka istnieje mi\u0119dzy Zachodem a Bliskim Wschodem, dostarczaj\u0105c szybkich t\u0142umacze\u0144 z medi\u00f3w arabskich, perskich, tureckich, urdu-pasztu, jak r\u00f3wnie\u017c oryginalnych analiz trend\u00f3w politycznych, ideologicznych, intelektualnych, spo\u0142ecznych, kulturowych i religijnych na Bliskim Wschodzie.\r\n\r\nMEMRI, za\u0142o\u017cony w lutym 1998 roku, \u017ceby dostarcza\u0107 informacji debacie na temat polityki USA wobec Bliskiego Wschodu, jest niezale\u017cn\u0105, bezstronn\u0105, non profit [501(c)3] organizacj\u0105. Siedziba g\u0142\u00f3wna MEMRI mie\u015bci si\u0119 w Waszyngtonie, oddzia\u0142y za\u015b w Londynie, Tokio, Rzymie, Bagdadzie, Szanghaju i Jerozolimie. Badania MEMRI s\u0105 t\u0142umaczone na angielski, niemiecki, hebrajski, w\u0142oski, francuski, hiszpa\u0144ski, rosyjski, chi\u0144ski i japo\u0144ski.\r\n\r\nZa polskie t\u0142umaczenia MEMRI odpowiadaj\u0105 Ma\u0142gorzata i Andrzej Koraszewscy.\r\n\r\nAby wesprze\u0107 przedsi\u0119wzi\u0119cia MEMRI prosimy <a href=\"http:\/\/donate.memri.org\/\">klikn\u0105\u0107 tutaj<\/a> i wys\u0142a\u0107 zabezpieczon\u0105 kontrybucj\u0119 online, albo wys\u0142a\u0107 datek do:[\/vc_column_text]<div class=\"wpb_wrapper td_block_empty_space td_block_wrap vc_empty_space tdi_26 \"  style=\"height: 20px\"><\/div><\/div><\/div><\/div><\/div><div id=\"tdi_27\" class=\"tdc-row\"><div class=\"vc_row tdi_28  wpb_row td-pb-row\" >\n<style scoped>\n\/* custom css - generated by TagDiv Composer *\/\n\n\/* custom css - generated by TagDiv Composer *\/\n.tdi_28,\r\n                .tdi_28 .tdc-columns{\r\n                    min-height: 0;\r\n                }.tdi_28,\r\n\t\t\t\t.tdi_28 .tdc-columns{\r\n\t\t\t\t    display: block;\r\n\t\t\t\t}.tdi_28 .tdc-columns{\r\n\t\t\t\t    width: 100%;\r\n\t\t\t\t}.tdi_28:before,\r\n\t\t\t\t.tdi_28:after{\r\n\t\t\t\t    display: table;\r\n\t\t\t\t}\n<\/style><div class=\"vc_column tdi_30  wpb_column vc_column_container tdc-column td-pb-span12\">\n<style scoped>\n\/* custom css - generated by TagDiv Composer *\/\n\n\/* custom css - generated by TagDiv Composer *\/\n.tdi_30{\r\n                    vertical-align: baseline;\r\n                }.tdi_30 > .wpb_wrapper,\r\n\t\t\t\t.tdi_30 > .wpb_wrapper > .tdc-elements{\r\n\t\t\t\t    display: block;\r\n\t\t\t\t}.tdi_30 > .wpb_wrapper > .tdc-elements{\r\n\t\t\t\t    width: 100%;\r\n\t\t\t\t}.tdi_30 > .wpb_wrapper > .vc_row_inner{\r\n\t\t\t\t    width: auto;\r\n\t\t\t\t}.tdi_30 > .wpb_wrapper{\r\n\t\t\t\t    width: auto;\r\n\t\t\t\t    height: auto;\r\n\t\t\t\t}\n<\/style><div class=\"wpb_wrapper\" >[vc_column_text]<strong>MEMRI<\/strong>\r\nP.O. Box 27837\r\nWashington, DC 20038-7837\r\nT\u00e9l\u00e9phone: (202) 955-9070\r\nFax: (202) 955-9077\r\nE-mail: <a href=\"mailto:donations@memri.org\">donations@memri.org<\/a>[\/vc_column_text][vc_column_text]Wszystkie og\u00f3lne pytania prosimy kierowa\u0107 do <a href=\"mailto:memri@memri.org\">memri@memri.org<\/a>.\r\n\r\n<a href=\"\/polaco\/informacja-o-prawach-autorskich\"><b>Informacje o prawach autorskich: kliknij tutaj<\/b><\/a>.[\/vc_column_text]<\/div><\/div><\/div><\/div><div id=\"tdi_31\" class=\"tdc-row\"><div class=\"vc_row vc_custom_1453332781454 tdi_32  wpb_row td-pb-row\" >\n<style scoped>\n\/* custom css - generated by TagDiv Composer *\/\n\n\/* tdc_composer_block - inline css att *\/\n.vc_custom_1453332781454{margin-top: 0px !important;margin-bottom: 0px !important;border-top-width: 0px !important;border-bottom-width: 0px !important;padding-top: 0px !important;padding-bottom: 0px !important;}\n\/* custom css - generated by TagDiv Composer *\/\n.tdi_32,\r\n                .tdi_32 .tdc-columns{\r\n                    min-height: 0;\r\n                }.tdi_32,\r\n\t\t\t\t.tdi_32 .tdc-columns{\r\n\t\t\t\t    display: block;\r\n\t\t\t\t}.tdi_32 .tdc-columns{\r\n\t\t\t\t    width: 100%;\r\n\t\t\t\t}.tdi_32:before,\r\n\t\t\t\t.tdi_32:after{\r\n\t\t\t\t    display: table;\r\n\t\t\t\t}\n<\/style><div class=\"vc_column tdi_34  wpb_column vc_column_container tdc-column td-pb-span12\">\n<style scoped>\n\/* custom css - generated by TagDiv Composer *\/\n\n\/* custom css - generated by TagDiv Composer *\/\n.tdi_34{\r\n                    vertical-align: baseline;\r\n                }.tdi_34 > .wpb_wrapper,\r\n\t\t\t\t.tdi_34 > .wpb_wrapper > .tdc-elements{\r\n\t\t\t\t    display: block;\r\n\t\t\t\t}.tdi_34 > .wpb_wrapper > .tdc-elements{\r\n\t\t\t\t    width: 100%;\r\n\t\t\t\t}.tdi_34 > .wpb_wrapper > .vc_row_inner{\r\n\t\t\t\t    width: auto;\r\n\t\t\t\t}.tdi_34 > .wpb_wrapper{\r\n\t\t\t\t    width: auto;\r\n\t\t\t\t    height: auto;\r\n\t\t\t\t}\n<\/style><div class=\"wpb_wrapper\" >[vc_cta h2=&#8221;Aby wesprze\u0107 przedsi\u0119wzi\u0119cia MEMRI &#8221; shape=&#8221;square&#8221; style=&#8221;flat&#8221; color=&#8221;juicy-pink&#8221; add_button=&#8221;right&#8221; btn_title=&#8221;Wesprzyj&#8221; btn_style=&#8221;flat&#8221; btn_shape=&#8221;square&#8221; btn_color=&#8221;black&#8221; css=&#8221;.vc_custom_1481238601812{padding-top: 15px !important;padding-bottom: 15px !important;background-color: #770001 !important;}&#8221; btn_link=&#8221;url:http%3A%2F%2Fdonate.memri.org%2F||target:%20_blank&#8221;]Aby wesprze\u0107 przedsi\u0119wzi\u0119cia MEMRI prosimy klikn\u0105\u0107 tutaj i wys\u0142a\u0107 zabezpieczon\u0105 kontrybucj\u0119 online[\/vc_cta]<\/div><\/div><\/div><\/div><\/div>","protected":false},"excerpt":{"rendered":"[vc_custom_heading text=\"O NAS\" font_container=\"tag:h1|font_size:43px|text_align:center|color:%23ffffff\" google_fonts=\"font_family:Oswald%3A300%2Cregular%2C700|font_style:400%20regular%3A400%3Anormal\"] [vc_custom_heading text=\"Middle East Media Research Institute (MEMRI)\" font_container=\"tag:h2|text_align:left|color:%23545454\" google_fonts=\"font_family:Oswald%3A300%2Cregular%2C700|font_style:400%20regular%3A400%3Anormal\"] [vc_column_text]Middle East Media Research Institute (MEMRI) bada Bliski Wsch\u00f3d poprzez media tego region. MEMRI zamyka przepa\u015b\u0107 j\u0119zykow\u0105, jaka istnieje mi\u0119dzy Zachodem a Bliskim Wschodem, dostarczaj\u0105c szybkich t\u0142umacze\u0144 z medi\u00f3w arabskich, perskich, tureckich, urdu-pasztu, jak r\u00f3wnie\u017c oryginalnych analiz trend\u00f3w politycznych, ideologicznych, intelektualnych, [...]","protected":false},"author":1,"featured_media":0,"parent":0,"menu_order":0,"comment_status":"closed","ping_status":"open","template":"","meta":{"footnotes":""},"class_list":["post-51","page","type-page","status-publish","hentry"],"_links":{"self":[{"href":"https:\/\/www2.memri.org\/polish\/wp-json\/wp\/v2\/pages\/51","targetHints":{"allow":["GET"]}}],"collection":[{"href":"https:\/\/www2.memri.org\/polish\/wp-json\/wp\/v2\/pages"}],"about":[{"href":"https:\/\/www2.memri.org\/polish\/wp-json\/wp\/v2\/types\/page"}],"author":[{"embeddable":true,"href":"https:\/\/www2.memri.org\/polish\/wp-json\/wp\/v2\/users\/1"}],"replies":[{"embeddable":true,"href":"https:\/\/www2.memri.org\/polish\/wp-json\/wp\/v2\/comments?post=51"}],"version-history":[{"count":8,"href":"https:\/\/www2.memri.org\/polish\/wp-json\/wp\/v2\/pages\/51\/revisions"}],"predecessor-version":[{"id":9689,"href":"https:\/\/www2.memri.org\/polish\/wp-json\/wp\/v2\/pages\/51\/revisions\/9689"}],"wp:attachment":[{"href":"https:\/\/www2.memri.org\/polish\/wp-json\/wp\/v2\/media?parent=51"}],"curies":[{"name":"wp","href":"https:\/\/api.w.org\/{rel}","templated":true}]}}