{"id":17504,"date":"2016-01-21T19:07:47","date_gmt":"2016-01-21T19:07:47","guid":{"rendered":"http:\/\/www2.memri.org\/espanol\/?page_id=17504"},"modified":"2016-01-21T19:27:56","modified_gmt":"2016-01-21T19:27:56","slug":"copyright","status":"publish","type":"page","link":"https:\/\/www2.memri.org\/espanol\/copyright","title":{"rendered":"Informaci\u00f3n sobre los Derechos de Autor"},"content":{"rendered":"<div class=\"wpb-content-wrapper\"><div id=\"tdi_1\" class=\"tdc-row\"><div class=\"vc_row vc_custom_1453401269191 tdi_2  wpb_row td-pb-row\" >\n<style scoped>\n\/* custom css - generated by TagDiv Composer *\/\n\n\/* tdc_composer_block - inline css att *\/\n.vc_custom_1453401269191{margin-right: 0px !important;margin-left: 0px !important;border-right-width: 0px !important;border-left-width: 0px !important;padding-right: 0px !important;padding-left: 0px !important;background-image: url(http:\/\/www2.memri.org\/espanol\/wp-content\/uploads\/2016\/01\/red-pattern-small.jpg?id=17482) !important;}\n\/* custom css - generated by TagDiv Composer *\/\n\/* custom css - generated by TagDiv Composer *\/\n.tdi_2,\r\n                .tdi_2 .tdc-columns{\r\n                    min-height: 0;\r\n                }.tdi_2,\r\n\t\t\t\t.tdi_2 .tdc-columns{\r\n\t\t\t\t    display: block;\r\n\t\t\t\t}.tdi_2 .tdc-columns{\r\n\t\t\t\t    width: 100%;\r\n\t\t\t\t}\n<\/style><div class=\"vc_column tdi_4  wpb_column vc_column_container tdc-column td-pb-span12\">\n<style scoped>\n\/* custom css - generated by TagDiv Composer *\/\n\n\/* custom css - generated by TagDiv Composer *\/\n\/* custom css - generated by TagDiv Composer *\/\n.tdi_4{\r\n                    vertical-align: baseline;\r\n                }.tdi_4 > .wpb_wrapper,\r\n\t\t\t\t.tdi_4 > .wpb_wrapper > .tdc-elements{\r\n\t\t\t\t    display: block;\r\n\t\t\t\t}.tdi_4 > .wpb_wrapper > .tdc-elements{\r\n\t\t\t\t    width: 100%;\r\n\t\t\t\t}.tdi_4 > .wpb_wrapper > .vc_row_inner{\r\n\t\t\t\t    width: auto;\r\n\t\t\t\t}.tdi_4 > .wpb_wrapper{\r\n\t\t\t\t    width: auto;\r\n\t\t\t\t    height: auto;\r\n\t\t\t\t}\n<\/style><div class=\"wpb_wrapper\" ><div class=\"wpb_wrapper td_block_empty_space td_block_wrap vc_empty_space tdi_6 \"  style=\"height: 70px\"><\/div>[vc_custom_heading text=\u00bbDERECHOS DE AUTOR\u00bb font_container=\u00bbtag:h1|font_size:43px|text_align:center|color:%23ffffff\u00bb google_fonts=\u00bbfont_family:Oswald%3A300%2Cregular%2C700|font_style:400%20regular%3A400%3Anormal\u00bb]<div class=\"wpb_wrapper td_block_separator td_block_wrap vc_separator vc_custom_1453400316389 tdi_8  td_separator_solid td_separator_center\"><span style=\"border-color:custom;border-width:1px;width:10%;\"><\/span>\n<style scoped>\n\/* custom css - generated by TagDiv Composer *\/\n\n\/* tdc_composer_block - inline css att *\/\n.vc_custom_1453400316389{margin-top: 0px !important;margin-bottom: 0px !important;border-top-width: 0px !important;border-bottom-width: 0px !important;padding-top: 0px !important;padding-bottom: 0px !important;}\n\/* custom css - generated by TagDiv Composer *\/\n\/* custom css - generated by TagDiv Composer *\/\n.td_block_separator{\r\n                  width: 100%;\r\n                  align-items: center;\r\n                  margin-bottom: 38px;\r\n                  padding-bottom: 10px;\r\n                }.td_block_separator span{\r\n                  position: relative;\r\n                  display: block;\r\n                  margin: 0 auto;\r\n                  width: 100%;\r\n                  height: 1px;\r\n                  border-top: 1px solid #EBEBEB;\r\n                }.td_separator_align_left span{\r\n                  margin-left: 0;\r\n                }.td_separator_align_right span{\r\n                  margin-right: 0;\r\n                }.td_separator_dashed span{\r\n                  border-top-style: dashed;\r\n                }.td_separator_dotted span{\r\n                  border-top-style: dotted;\r\n                }.td_separator_double span{\r\n                  height: 3px;\r\n                  border-bottom: 1px solid #EBEBEB;\r\n                }.td_separator_shadow > span{\r\n                  position: relative;\r\n                  height: 20px;\r\n                  overflow: hidden;\r\n                  border: 0;\r\n                  color: #EBEBEB;\r\n                }.td_separator_shadow > span > span{\r\n                  position: absolute;\r\n                  top: -30px;\r\n                  left: 0;\r\n                  right: 0;\r\n                  margin: 0 auto;\r\n                  height: 13px;\r\n                  width: 98%;\r\n                  border-radius: 100%;\r\n                }html :where([style*='border-width']){\r\n                    border-style: none;\r\n                }\n<\/style><\/div><div class=\"wpb_wrapper td_block_empty_space td_block_wrap vc_empty_space tdi_10 \"  style=\"height: 70px\"><\/div><\/div><\/div><\/div><\/div><div id=\"tdi_11\" class=\"tdc-row stretch_row\"><div class=\"vc_row tdi_12  wpb_row td-pb-row\" >\n<style scoped>\n\/* custom css - generated by TagDiv Composer *\/\n\n\/* custom css - generated by TagDiv Composer *\/\n\/* custom css - generated by TagDiv Composer *\/\n.tdi_12,\r\n                .tdi_12 .tdc-columns{\r\n                    min-height: 0;\r\n                }.tdi_12,\r\n\t\t\t\t.tdi_12 .tdc-columns{\r\n\t\t\t\t    display: block;\r\n\t\t\t\t}.tdi_12 .tdc-columns{\r\n\t\t\t\t    width: 100%;\r\n\t\t\t\t}\n<\/style><div class=\"vc_column tdi_14  wpb_column vc_column_container tdc-column td-pb-span12\">\n<style scoped>\n\/* custom css - generated by TagDiv Composer *\/\n\n\/* custom css - generated by TagDiv Composer *\/\n\/* custom css - generated by TagDiv Composer *\/\n.tdi_14{\r\n                    vertical-align: baseline;\r\n                }.tdi_14 > .wpb_wrapper,\r\n\t\t\t\t.tdi_14 > .wpb_wrapper > .tdc-elements{\r\n\t\t\t\t    display: block;\r\n\t\t\t\t}.tdi_14 > .wpb_wrapper > .tdc-elements{\r\n\t\t\t\t    width: 100%;\r\n\t\t\t\t}.tdi_14 > .wpb_wrapper > .vc_row_inner{\r\n\t\t\t\t    width: auto;\r\n\t\t\t\t}.tdi_14 > .wpb_wrapper{\r\n\t\t\t\t    width: auto;\r\n\t\t\t\t    height: auto;\r\n\t\t\t\t}\n<\/style><div class=\"wpb_wrapper\" ><div class=\"wpb_wrapper td_block_empty_space td_block_wrap vc_empty_space tdi_16 \"  style=\"height: 32px\"><\/div>[vc_custom_heading text=\u00bbInformaci\u00f3n de Copyright\u00bb font_container=\u00bbtag:h2|text_align:left|color:%23545454&#8243; google_fonts=\u00bbfont_family:Oswald%3A300%2Cregular%2C700|font_style:400%20regular%3A400%3Anormal\u00bb]<div class=\"wpb_wrapper td_block_separator td_block_wrap vc_separator vc_custom_1453336206814 tdi_18  td_separator_solid td_separator_align_left\"><span style=\"border-color:custom;border-width:1px;width:100%;\"><\/span>\n<style scoped>\n\/* custom css - generated by TagDiv Composer *\/\n\n\/* tdc_composer_block - inline css att *\/\n.vc_custom_1453336206814{margin-top: 0px !important;margin-bottom: 0px !important;border-top-width: 0px !important;border-bottom-width: 0px !important;padding-top: 0px !important;padding-bottom: 0px !important;}\n<\/style><\/div><div class=\"wpb_wrapper td_block_empty_space td_block_wrap vc_empty_space tdi_20 \"  style=\"height: 32px\"><\/div><\/div><\/div><\/div><\/div><div id=\"tdi_21\" class=\"tdc-row\"><div class=\"vc_row tdi_22  wpb_row td-pb-row\" >\n<style scoped>\n\/* custom css - generated by TagDiv Composer *\/\n\n\/* custom css - generated by TagDiv Composer *\/\n\/* custom css - generated by TagDiv Composer *\/\n.tdi_22,\r\n                .tdi_22 .tdc-columns{\r\n                    min-height: 0;\r\n                }.tdi_22,\r\n\t\t\t\t.tdi_22 .tdc-columns{\r\n\t\t\t\t    display: block;\r\n\t\t\t\t}.tdi_22 .tdc-columns{\r\n\t\t\t\t    width: 100%;\r\n\t\t\t\t}\n<\/style><div class=\"vc_column tdi_24  wpb_column vc_column_container tdc-column td-pb-span12\">\n<style scoped>\n\/* custom css - generated by TagDiv Composer *\/\n\n\/* custom css - generated by TagDiv Composer *\/\n\/* custom css - generated by TagDiv Composer *\/\n.tdi_24{\r\n                    vertical-align: baseline;\r\n                }.tdi_24 > .wpb_wrapper,\r\n\t\t\t\t.tdi_24 > .wpb_wrapper > .tdc-elements{\r\n\t\t\t\t    display: block;\r\n\t\t\t\t}.tdi_24 > .wpb_wrapper > .tdc-elements{\r\n\t\t\t\t    width: 100%;\r\n\t\t\t\t}.tdi_24 > .wpb_wrapper > .vc_row_inner{\r\n\t\t\t\t    width: auto;\r\n\t\t\t\t}.tdi_24 > .wpb_wrapper{\r\n\t\t\t\t    width: auto;\r\n\t\t\t\t    height: auto;\r\n\t\t\t\t}\n<\/style><div class=\"wpb_wrapper\" >[vc_column_text]Todos los derechos reservados. Todos los materiales publicados en la p\u00e1gina web del Instituto de Investigaci\u00f3n de Medios de Informaci\u00f3n en Medio Oriente (MEMRI), (de aqu\u00ed en adelante referidos como \u00abEl Contenido\u00bb)\u00a0est\u00e1n protegidos por derechos de autor y otras leyes de propiedad intelectual y tratados internacionales. El Contenido es propiedad del\u00a0Instituto de Investigaci\u00f3n de Medios de Informaci\u00f3n en Medio Oriente (MEMRI).\r\n\r\nEl contenido est\u00e1 disponible para su uso personal y no comercial. Usted no est\u00e1 autorizado a reproducir o distribuir el contenido por cualquier medio o en cualquier forma, incluyendo, pero no limitado a electr\u00f3nico, mec\u00e1nico, fotocopia, fotogr\u00e1fico, magn\u00e9tico u otro m\u00e9todo\u00a0sin el consentimiento previo por escrito de MEMRI.\r\n\r\nPara obtener los derechos de reproducci\u00f3n, por favor p\u00f3ngase en contacto con MEMRI:\r\nFax: (202) 955-9077\r\ne-mail: <a href=\"mailto:memri@memri.org?subject=Reproduction%20Rights\">MEMRI Reproduction Rights<\/a>[\/vc_column_text]<div class=\"wpb_wrapper td_block_empty_space td_block_wrap vc_empty_space tdi_26 \"  style=\"height: 20px\"><\/div><\/div><\/div><\/div><\/div><div id=\"tdi_27\" class=\"tdc-row\"><div class=\"vc_row vc_custom_1453332781454 tdi_28  wpb_row td-pb-row\" >\n<style scoped>\n\/* custom css - generated by TagDiv Composer *\/\n\n\/* tdc_composer_block - inline css att *\/\n.vc_custom_1453332781454{margin-top: 0px !important;margin-bottom: 0px !important;border-top-width: 0px !important;border-bottom-width: 0px !important;padding-top: 0px !important;padding-bottom: 0px !important;}\n\/* custom css - generated by TagDiv Composer *\/\n\/* custom css - generated by TagDiv Composer *\/\n.tdi_28,\r\n                .tdi_28 .tdc-columns{\r\n                    min-height: 0;\r\n                }.tdi_28,\r\n\t\t\t\t.tdi_28 .tdc-columns{\r\n\t\t\t\t    display: block;\r\n\t\t\t\t}.tdi_28 .tdc-columns{\r\n\t\t\t\t    width: 100%;\r\n\t\t\t\t}\n<\/style><div class=\"vc_column tdi_30  wpb_column vc_column_container tdc-column td-pb-span12\">\n<style scoped>\n\/* custom css - generated by TagDiv Composer *\/\n\n\/* custom css - generated by TagDiv Composer *\/\n\/* custom css - generated by TagDiv Composer *\/\n.tdi_30{\r\n                    vertical-align: baseline;\r\n                }.tdi_30 > .wpb_wrapper,\r\n\t\t\t\t.tdi_30 > .wpb_wrapper > .tdc-elements{\r\n\t\t\t\t    display: block;\r\n\t\t\t\t}.tdi_30 > .wpb_wrapper > .tdc-elements{\r\n\t\t\t\t    width: 100%;\r\n\t\t\t\t}.tdi_30 > .wpb_wrapper > .vc_row_inner{\r\n\t\t\t\t    width: auto;\r\n\t\t\t\t}.tdi_30 > .wpb_wrapper{\r\n\t\t\t\t    width: auto;\r\n\t\t\t\t    height: auto;\r\n\t\t\t\t}\n<\/style><div class=\"wpb_wrapper\" >[vc_cta h2=\u00bbUsted puede apoyar los proyectos de MEMRI.\u00bb shape=\u00bbsquare\u00bb style=\u00bbflat\u00bb color=\u00bbjuicy-pink\u00bb add_button=\u00bbright\u00bb btn_title=\u00bbDone Ahora\u00bb btn_style=\u00bbflat\u00bb btn_shape=\u00bbsquare\u00bb btn_color=\u00bbblack\u00bb css=\u00bb.vc_custom_1453404463259{padding-top: 15px !important;padding-bottom: 15px !important;background-color: #770001 !important;}\u00bb btn_link=\u00bburl:http%3A%2F%2Fdonate.memri.org%2F||target:%20_blank\u00bb]Por favor env\u00ede sus donativos para apoyar a los proyectos de MEMRI. Todas las contribuciones son transmitidas a trav\u00e9s de un servidor seguro.[\/vc_cta]<\/div><\/div><\/div><\/div><\/div>","protected":false},"excerpt":{"rendered":"[vc_custom_heading text=\"DERECHOS DE AUTOR\" font_container=\"tag:h1|font_size:43px|text_align:center|color:%23ffffff\" google_fonts=\"font_family:Oswald%3A300%2Cregular%2C700|font_style:400%20regular%3A400%3Anormal\"] [vc_custom_heading text=\"Informaci\u00f3n de Copyright\" font_container=\"tag:h2|text_align:left|color:%23545454\" google_fonts=\"font_family:Oswald%3A300%2Cregular%2C700|font_style:400%20regular%3A400%3Anormal\"] [vc_column_text]Todos los derechos reservados. Todos los materiales publicados en la p\u00e1gina web del Instituto de Investigaci\u00f3n de Medios de Informaci\u00f3n en Medio Oriente (MEMRI), (de aqu\u00ed en adelante referidos como \"El Contenido\")\u00a0est\u00e1n protegidos por derechos de autor y otras leyes de propiedad intelectual [...]","protected":false},"author":1,"featured_media":0,"parent":0,"menu_order":0,"comment_status":"closed","ping_status":"closed","template":"","meta":{"footnotes":""},"class_list":["post-17504","page","type-page","status-publish","hentry"],"_links":{"self":[{"href":"https:\/\/www2.memri.org\/espanol\/wp-json\/wp\/v2\/pages\/17504","targetHints":{"allow":["GET"]}}],"collection":[{"href":"https:\/\/www2.memri.org\/espanol\/wp-json\/wp\/v2\/pages"}],"about":[{"href":"https:\/\/www2.memri.org\/espanol\/wp-json\/wp\/v2\/types\/page"}],"author":[{"embeddable":true,"href":"https:\/\/www2.memri.org\/espanol\/wp-json\/wp\/v2\/users\/1"}],"replies":[{"embeddable":true,"href":"https:\/\/www2.memri.org\/espanol\/wp-json\/wp\/v2\/comments?post=17504"}],"version-history":[{"count":0,"href":"https:\/\/www2.memri.org\/espanol\/wp-json\/wp\/v2\/pages\/17504\/revisions"}],"wp:attachment":[{"href":"https:\/\/www2.memri.org\/espanol\/wp-json\/wp\/v2\/media?parent=17504"}],"curies":[{"name":"wp","href":"https:\/\/api.w.org\/{rel}","templated":true}]}}